{"id":1016,"date":"2026-01-02T09:16:20","date_gmt":"2026-01-02T09:16:20","guid":{"rendered":"https:\/\/soresa.pt\/produto\/azeite-virgem-extra-origins-500ml\/"},"modified":"2026-05-12T10:57:28","modified_gmt":"2026-05-12T10:57:28","slug":"azeite-caixeiro-virgem-extra-origins-500ml","status":"publish","type":"product","link":"https:\/\/soresa.pt\/en\/product\/azeite-caixeiro-virgem-extra-origins-500ml\/","title":{"rendered":"Azeite Caixeiro Virgem Extra Origins &#8211; 500ml"},"content":{"rendered":"<p><strong>Azeite de categoria superior obtido directamente de azeitonas e unicamente por processos mec\u00e2nicos<\/strong><\/p>\n<p><strong>Variedades:<\/strong>\u00a0Cobran\u00e7osa, verdeal e madural trasmontanas.<\/p>\n<p><strong>Region:<\/strong>\u00a0Tr\u00e1s-os-Montes (Valpa\u00e7os)<\/p>\n<p><strong>Embalagem:<\/strong>\u00a0500ml<\/p>\n<p><strong>Ingredientes:<\/strong>\u00a0Azeite virgem extra.<\/p>\n<p><strong>Conserva\u00e7\u00e3o:\u00a0<\/strong>Conservar ao abrigo da luz, ar, fontes de calor e odores intensos.<\/p>\n<p><strong>Produtor:<\/strong>\u00a0Soresa by Vilela, Cardoso e Morais, Lda,\u00a0\u00a0Rua do Prado 1, 5445-052 Santa Maria de \u00c9meres<\/p>\n<p><strong>Origem:<\/strong>\u00a0Portugal<\/p>","protected":false},"excerpt":{"rendered":"<p>Feito ao ritmo da Natureza, o CAIXEIRO ORIGINS \u00e9 um Azeite Virgem Extra DOP de Tr\u00e1s-os-Montes que resulta numa fiel representa\u00e7\u00e3o de um\u00a0<em>blend\u00a0<\/em>de campo das variedades Cobran\u00e7osa, Madural e Verdeal Transmontana.<br \/>\n\u00c9 a arte no seu todo, feita a partir da mais pura paix\u00e3o transmontana, diretamente para a sua mesa.<\/p>","protected":false},"featured_media":998,"comment_status":"open","ping_status":"closed","template":"","meta":[],"product_brand":[40],"product_cat":[26,27],"product_tag":[51,39],"class_list":{"0":"post-1016","1":"product","2":"type-product","3":"status-publish","4":"has-post-thumbnail","6":"product_brand-caixeiro","7":"product_cat-azeites","8":"product_cat-extra-virgem","9":"product_tag-destaques","10":"product_tag-lancamentos","12":"first","13":"instock","14":"featured","15":"taxable","16":"shipping-taxable","17":"purchasable","18":"product-type-simple"},"_links":{"self":[{"href":"https:\/\/soresa.pt\/en\/wp-json\/wp\/v2\/product\/1016","targetHints":{"allow":["GET"]}}],"collection":[{"href":"https:\/\/soresa.pt\/en\/wp-json\/wp\/v2\/product"}],"about":[{"href":"https:\/\/soresa.pt\/en\/wp-json\/wp\/v2\/types\/product"}],"replies":[{"embeddable":true,"href":"https:\/\/soresa.pt\/en\/wp-json\/wp\/v2\/comments?post=1016"}],"version-history":[{"count":10,"href":"https:\/\/soresa.pt\/en\/wp-json\/wp\/v2\/product\/1016\/revisions"}],"predecessor-version":[{"id":1416,"href":"https:\/\/soresa.pt\/en\/wp-json\/wp\/v2\/product\/1016\/revisions\/1416"}],"wp:featuredmedia":[{"embeddable":true,"href":"https:\/\/soresa.pt\/en\/wp-json\/wp\/v2\/media\/998"}],"wp:attachment":[{"href":"https:\/\/soresa.pt\/en\/wp-json\/wp\/v2\/media?parent=1016"}],"wp:term":[{"taxonomy":"product_brand","embeddable":true,"href":"https:\/\/soresa.pt\/en\/wp-json\/wp\/v2\/product_brand?post=1016"},{"taxonomy":"product_cat","embeddable":true,"href":"https:\/\/soresa.pt\/en\/wp-json\/wp\/v2\/product_cat?post=1016"},{"taxonomy":"product_tag","embeddable":true,"href":"https:\/\/soresa.pt\/en\/wp-json\/wp\/v2\/product_tag?post=1016"}],"curies":[{"name":"wp","href":"https:\/\/api.w.org\/{rel}","templated":true}]}}