{"id":1015,"date":"2026-01-02T09:16:20","date_gmt":"2026-01-02T09:16:20","guid":{"rendered":"https:\/\/soresa.pt\/produto\/azeite-virgem-extra-organic-500ml\/"},"modified":"2026-05-12T10:57:34","modified_gmt":"2026-05-12T10:57:34","slug":"azeite-caixeiro-virgem-extra-organic-500ml","status":"publish","type":"product","link":"https:\/\/soresa.pt\/en\/product\/azeite-caixeiro-virgem-extra-organic-500ml\/","title":{"rendered":"Azeite Caixeiro Virgem Extra Organic &#8211; 500ml"},"content":{"rendered":"<p><strong>Azeite de categoria superior obtido directamente de azeitonas e unicamente por processos mec\u00e2nicos.<\/strong><\/p>\n<p><strong>Variedades:<\/strong>\u00a0Cobran\u00e7osa, verdeal e madural trasmontanas.<\/p>\n<p><strong>Region:<\/strong>\u00a0Tr\u00e1s-os-Montes (Valpa\u00e7os)<\/p>\n<p><strong>Embalagem:<\/strong>\u00a0500ml<\/p>\n<p><strong>Ingredientes:<\/strong>\u00a0Azeite virgem extra.<\/p>\n<p><strong>Conserva\u00e7\u00e3o:\u00a0<\/strong>Conservar ao abrigo da luz, ar, fontes de calor e odores intensos.<\/p>\n<p><strong>Produtor:<\/strong>\u00a0Soresa by Vilela, Cardoso e Morais, Lda,\u00a0Rua do Prado 1,\u00a05445-052 Santa Maria de \u00c9meres<\/p>\n<p><strong>Origem:<\/strong>\u00a0Portugal<\/p>","protected":false},"excerpt":{"rendered":"<p>O Azeite CAIXEIRO ORGANIC nasce de um\u00a0<em>blend\u00a0<\/em>de campo com as variedades Cobran\u00e7osa, Madural e Verdeal Transmontanas.<br \/>\nAcompanhado de uma preocupa\u00e7\u00e3o com o ambiente, o resultado \u00e9 um azeite\u00a0<strong>biol\u00f3gico<\/strong>\u00a0de qualidade excepcional.<\/p>","protected":false},"featured_media":997,"comment_status":"open","ping_status":"closed","template":"","meta":[],"product_brand":[40],"product_cat":[26,27],"product_tag":[51],"class_list":{"0":"post-1015","1":"product","2":"type-product","3":"status-publish","4":"has-post-thumbnail","6":"product_brand-caixeiro","7":"product_cat-azeites","8":"product_cat-extra-virgem","9":"product_tag-destaques","11":"first","12":"instock","13":"featured","14":"taxable","15":"shipping-taxable","16":"purchasable","17":"product-type-simple"},"_links":{"self":[{"href":"https:\/\/soresa.pt\/en\/wp-json\/wp\/v2\/product\/1015","targetHints":{"allow":["GET"]}}],"collection":[{"href":"https:\/\/soresa.pt\/en\/wp-json\/wp\/v2\/product"}],"about":[{"href":"https:\/\/soresa.pt\/en\/wp-json\/wp\/v2\/types\/product"}],"replies":[{"embeddable":true,"href":"https:\/\/soresa.pt\/en\/wp-json\/wp\/v2\/comments?post=1015"}],"version-history":[{"count":6,"href":"https:\/\/soresa.pt\/en\/wp-json\/wp\/v2\/product\/1015\/revisions"}],"predecessor-version":[{"id":1414,"href":"https:\/\/soresa.pt\/en\/wp-json\/wp\/v2\/product\/1015\/revisions\/1414"}],"wp:featuredmedia":[{"embeddable":true,"href":"https:\/\/soresa.pt\/en\/wp-json\/wp\/v2\/media\/997"}],"wp:attachment":[{"href":"https:\/\/soresa.pt\/en\/wp-json\/wp\/v2\/media?parent=1015"}],"wp:term":[{"taxonomy":"product_brand","embeddable":true,"href":"https:\/\/soresa.pt\/en\/wp-json\/wp\/v2\/product_brand?post=1015"},{"taxonomy":"product_cat","embeddable":true,"href":"https:\/\/soresa.pt\/en\/wp-json\/wp\/v2\/product_cat?post=1015"},{"taxonomy":"product_tag","embeddable":true,"href":"https:\/\/soresa.pt\/en\/wp-json\/wp\/v2\/product_tag?post=1015"}],"curies":[{"name":"wp","href":"https:\/\/api.w.org\/{rel}","templated":true}]}}