{"id":1014,"date":"2026-01-02T09:16:20","date_gmt":"2026-01-02T09:16:20","guid":{"rendered":"https:\/\/soresa.pt\/produto\/azeite-virgem-extra-signature-500ml\/"},"modified":"2026-05-12T10:57:15","modified_gmt":"2026-05-12T10:57:15","slug":"azeite-caixeiro-virgem-extra-signature-500ml","status":"publish","type":"product","link":"https:\/\/soresa.pt\/en\/product\/azeite-caixeiro-virgem-extra-signature-500ml\/","title":{"rendered":"Azeite Caixeiro Virgem Extra Signature &#8211; 500ml"},"content":{"rendered":"<p><strong>Azeite de categoria superior obtido diretamente de azeitonas, unicamente por processos mec\u00e2nicos.<\/strong><\/p>\n<p><strong>Variedades:<\/strong>\u00a0Cobran\u00e7osa, verdeal e madural trasmontanas.<\/p>\n<p><strong>Region:<\/strong>\u00a0Tr\u00e1s-os-Montes (Valpa\u00e7os)<\/p>\n<p><strong>Embalagem:<\/strong>\u00a0500ml<\/p>\n<p><strong>Ingredientes:<\/strong>\u00a0Azeite virgem extra.<\/p>\n<p><strong>Conserva\u00e7\u00e3o:\u00a0<\/strong>Conservar ao abrigo da luz, ar, fontes de calor e odores intensos.<\/p>\n<p><strong>Produtor:<\/strong>\u00a0Soresa by Vilela, Cardoso e Morais, Lda,\u00a0\u00a0Rua do Prado 1, 5445-052 Santa Maria de \u00c9meres<\/p>\n<p><strong>Origem:<\/strong>\u00a0Portugal<\/p>","protected":false},"excerpt":{"rendered":"<p>O Azeite Signature Caixeiro \u00e9 o resultado de um exerc\u00edcio continuo e vertical, que espelha a paix\u00e3o e dedica\u00e7\u00e3o ao mais \u00ednfimo detalhe de todas as fases do processo \u201cdo campo \u00e0 embalagem\u201d, que s\u00e3o criteriosamente equacionados de forma a extrair o melhor dos olivais e levar at\u00e9 si algo verdadeiramente apaixonante e \u00fanico, o terroir.<\/p>","protected":false},"featured_media":1002,"comment_status":"open","ping_status":"closed","template":"","meta":[],"product_brand":[40],"product_cat":[26,27],"product_tag":[51,39,38],"class_list":{"0":"post-1014","1":"product","2":"type-product","3":"status-publish","4":"has-post-thumbnail","6":"product_brand-caixeiro","7":"product_cat-azeites","8":"product_cat-extra-virgem","9":"product_tag-destaques","10":"product_tag-lancamentos","11":"product_tag-promocoes","13":"first","14":"instock","15":"featured","16":"taxable","17":"shipping-taxable","18":"purchasable","19":"product-type-simple"},"_links":{"self":[{"href":"https:\/\/soresa.pt\/en\/wp-json\/wp\/v2\/product\/1014","targetHints":{"allow":["GET"]}}],"collection":[{"href":"https:\/\/soresa.pt\/en\/wp-json\/wp\/v2\/product"}],"about":[{"href":"https:\/\/soresa.pt\/en\/wp-json\/wp\/v2\/types\/product"}],"replies":[{"embeddable":true,"href":"https:\/\/soresa.pt\/en\/wp-json\/wp\/v2\/comments?post=1014"}],"version-history":[{"count":6,"href":"https:\/\/soresa.pt\/en\/wp-json\/wp\/v2\/product\/1014\/revisions"}],"predecessor-version":[{"id":1440,"href":"https:\/\/soresa.pt\/en\/wp-json\/wp\/v2\/product\/1014\/revisions\/1440"}],"wp:featuredmedia":[{"embeddable":true,"href":"https:\/\/soresa.pt\/en\/wp-json\/wp\/v2\/media\/1002"}],"wp:attachment":[{"href":"https:\/\/soresa.pt\/en\/wp-json\/wp\/v2\/media?parent=1014"}],"wp:term":[{"taxonomy":"product_brand","embeddable":true,"href":"https:\/\/soresa.pt\/en\/wp-json\/wp\/v2\/product_brand?post=1014"},{"taxonomy":"product_cat","embeddable":true,"href":"https:\/\/soresa.pt\/en\/wp-json\/wp\/v2\/product_cat?post=1014"},{"taxonomy":"product_tag","embeddable":true,"href":"https:\/\/soresa.pt\/en\/wp-json\/wp\/v2\/product_tag?post=1014"}],"curies":[{"name":"wp","href":"https:\/\/api.w.org\/{rel}","templated":true}]}}