{"id":311,"date":"2025-10-23T14:29:25","date_gmt":"2025-10-23T14:29:25","guid":{"rendered":"https:\/\/soresa.pt\/?page_id=311"},"modified":"2026-04-16T11:35:41","modified_gmt":"2026-04-16T11:35:41","slug":"faqs","status":"publish","type":"page","link":"https:\/\/soresa.pt\/en\/faqs\/","title":{"rendered":"FAQs"},"content":{"rendered":"<div data-elementor-type=\"wp-page\" data-elementor-id=\"311\" class=\"elementor elementor-311\" data-elementor-post-type=\"page\">\n\t\t\t\t<div class=\"elementor-element elementor-element-4d9bb39 e-flex e-con-boxed e-con e-parent\" data-id=\"4d9bb39\" data-element_type=\"container\" data-e-type=\"container\">\n\t\t\t\t\t<div class=\"e-con-inner\">\n\t\t\t\t<div class=\"elementor-element elementor-element-e91e02c elementor-widget elementor-widget-heading\" data-id=\"e91e02c\" data-element_type=\"widget\" data-e-type=\"widget\" data-widget_type=\"heading.default\">\n\t\t\t\t\t<h1 class=\"elementor-heading-title elementor-size-default\">FAQs<\/h1>\t\t\t\t<\/div>\n\t\t\t\t<div class=\"elementor-element elementor-element-3fdc2ed elementor-widget elementor-widget-n-accordion\" data-id=\"3fdc2ed\" data-element_type=\"widget\" data-e-type=\"widget\" data-settings=\"{&quot;default_state&quot;:&quot;all_collapsed&quot;,&quot;max_items_expended&quot;:&quot;one&quot;,&quot;n_accordion_animation_duration&quot;:{&quot;unit&quot;:&quot;ms&quot;,&quot;size&quot;:400,&quot;sizes&quot;:[]}}\" data-widget_type=\"nested-accordion.default\">\n\t\t\t\t\t\t\t<div class=\"e-n-accordion\" aria-label=\"Accordion. Open links with Enter or Space, close with Escape, and navigate with Arrow Keys\">\n\t\t\t\t\t\t<details id=\"e-n-accordion-item-6690\" class=\"e-n-accordion-item\" >\n\t\t\t\t<summary class=\"e-n-accordion-item-title\" data-accordion-index=\"1\" tabindex=\"0\" aria-expanded=\"false\" aria-controls=\"e-n-accordion-item-6690\" >\n\t\t\t\t\t<span class='e-n-accordion-item-title-header'><div class=\"e-n-accordion-item-title-text\"> What products can I find in the store? <\/div><\/span>\n\t\t\t\t\t\t\t<span class='e-n-accordion-item-title-icon'>\n\t\t\t<span class='e-opened' ><i aria-hidden=\"true\" class=\"fas fa-minus\"><\/i><\/span>\n\t\t\t<span class='e-closed'><svg xmlns=\"http:\/\/www.w3.org\/2000\/svg\" width=\"20.847\" height=\"20.847\" viewbox=\"0 0 20.847 20.847\"><g transform=\"translate(1 1)\"><path d=\"M18.847,1H0A1,1,0,0,1-1,0,1,1,0,0,1,0-1H18.847a1,1,0,0,1,1,1A1,1,0,0,1,18.847,1Z\" transform=\"translate(0 9.423)\"><\/path><path d=\"M18.847,1H0A1,1,0,0,1-1,0,1,1,0,0,1,0-1H18.847a1,1,0,0,1,1,1A1,1,0,0,1,18.847,1Z\" transform=\"translate(9.423) rotate(90)\"><\/path><\/g><\/svg><\/span>\n\t\t<\/span>\n\n\t\t\t\t\t\t<\/summary>\n\t\t\t\t<div role=\"region\" aria-labelledby=\"e-n-accordion-item-6690\" class=\"elementor-element elementor-element-112b2a5 e-con-full e-flex e-con e-child\" data-id=\"112b2a5\" data-element_type=\"container\" data-e-type=\"container\">\n\t\t\t\t<div class=\"elementor-element elementor-element-4df0d48 elementor-widget elementor-widget-text-editor\" data-id=\"4df0d48\" data-element_type=\"widget\" data-e-type=\"widget\" data-widget_type=\"text-editor.default\">\n\t\t\t\t\t\t\t\t\t<p>Na nossa loja online encontra uma selec\u00e7\u00e3o de produtos transmontanos produzidos em Valpa\u00e7os, Tr\u00e1s-os-Montes: azeite virgem extra (DOP Tr\u00e1s-os-Montes), am\u00eandoa, castanha, mel, goji e azeitonas biol\u00f3gicas. Disponibilizamos tamb\u00e9m cabazes e packs tem\u00e1ticos, ideais para oferecer. Todos os nossos produtos s\u00e3o certificados em Modo de Produ\u00e7\u00e3o Biol\u00f3gico ou Produ\u00e7\u00e3o Integrada (PRODI).<\/p>\t\t\t\t\t\t\t\t<\/div>\n\t\t\t\t<\/div>\n\t\t\t\t\t<\/details>\n\t\t\t\t\t\t<details id=\"e-n-accordion-item-6691\" class=\"e-n-accordion-item\" >\n\t\t\t\t<summary class=\"e-n-accordion-item-title\" data-accordion-index=\"2\" tabindex=\"-1\" aria-expanded=\"false\" aria-controls=\"e-n-accordion-item-6691\" >\n\t\t\t\t\t<span class='e-n-accordion-item-title-header'><div class=\"e-n-accordion-item-title-text\"> Are the products produced in Tr\u00e1s-os-Montes? <\/div><\/span>\n\t\t\t\t\t\t\t<span class='e-n-accordion-item-title-icon'>\n\t\t\t<span class='e-opened' ><i aria-hidden=\"true\" class=\"fas fa-minus\"><\/i><\/span>\n\t\t\t<span class='e-closed'><svg xmlns=\"http:\/\/www.w3.org\/2000\/svg\" width=\"20.847\" height=\"20.847\" viewbox=\"0 0 20.847 20.847\"><g transform=\"translate(1 1)\"><path d=\"M18.847,1H0A1,1,0,0,1-1,0,1,1,0,0,1,0-1H18.847a1,1,0,0,1,1,1A1,1,0,0,1,18.847,1Z\" transform=\"translate(0 9.423)\"><\/path><path d=\"M18.847,1H0A1,1,0,0,1-1,0,1,1,0,0,1,0-1H18.847a1,1,0,0,1,1,1A1,1,0,0,1,18.847,1Z\" transform=\"translate(9.423) rotate(90)\"><\/path><\/g><\/svg><\/span>\n\t\t<\/span>\n\n\t\t\t\t\t\t<\/summary>\n\t\t\t\t<div role=\"region\" aria-labelledby=\"e-n-accordion-item-6691\" class=\"elementor-element elementor-element-3ace2d9 e-con-full e-flex e-con e-child\" data-id=\"3ace2d9\" data-element_type=\"container\" data-e-type=\"container\">\n\t\t\t\t<div class=\"elementor-element elementor-element-3dc0ebd elementor-widget elementor-widget-text-editor\" data-id=\"3dc0ebd\" data-element_type=\"widget\" data-e-type=\"widget\" data-widget_type=\"text-editor.default\">\n\t\t\t\t\t\t\t\t\t<p>Sim, todos os nossos produtos s\u00e3o produzidos na regi\u00e3o de Tr\u00e1s-os-Montes, concelho de Valpa\u00e7os. A Soresa \u00e9 uma associa\u00e7\u00e3o de 3 produtores agr\u00edcolas com cerca de 70 hectares, situada nas aldeias de Sobrado, Rendufe e Santa Maria de \u00c9meres. As nossas produ\u00e7\u00f5es s\u00e3o certificadas em Modo de Produ\u00e7\u00e3o Biol\u00f3gico (am\u00eandoa, goji e mel) e Produ\u00e7\u00e3o Integrada \u2014 PRODI (castanha e azeite).<\/p>\t\t\t\t\t\t\t\t<\/div>\n\t\t\t\t<\/div>\n\t\t\t\t\t<\/details>\n\t\t\t\t\t\t<details id=\"e-n-accordion-item-6692\" class=\"e-n-accordion-item\" >\n\t\t\t\t<summary class=\"e-n-accordion-item-title\" data-accordion-index=\"3\" tabindex=\"-1\" aria-expanded=\"false\" aria-controls=\"e-n-accordion-item-6692\" >\n\t\t\t\t\t<span class='e-n-accordion-item-title-header'><div class=\"e-n-accordion-item-title-text\"> How do shipments work? <\/div><\/span>\n\t\t\t\t\t\t\t<span class='e-n-accordion-item-title-icon'>\n\t\t\t<span class='e-opened' ><i aria-hidden=\"true\" class=\"fas fa-minus\"><\/i><\/span>\n\t\t\t<span class='e-closed'><svg xmlns=\"http:\/\/www.w3.org\/2000\/svg\" width=\"20.847\" height=\"20.847\" viewbox=\"0 0 20.847 20.847\"><g transform=\"translate(1 1)\"><path d=\"M18.847,1H0A1,1,0,0,1-1,0,1,1,0,0,1,0-1H18.847a1,1,0,0,1,1,1A1,1,0,0,1,18.847,1Z\" transform=\"translate(0 9.423)\"><\/path><path d=\"M18.847,1H0A1,1,0,0,1-1,0,1,1,0,0,1,0-1H18.847a1,1,0,0,1,1,1A1,1,0,0,1,18.847,1Z\" transform=\"translate(9.423) rotate(90)\"><\/path><\/g><\/svg><\/span>\n\t\t<\/span>\n\n\t\t\t\t\t\t<\/summary>\n\t\t\t\t<div role=\"region\" aria-labelledby=\"e-n-accordion-item-6692\" class=\"elementor-element elementor-element-f0ddd9a e-con-full e-flex e-con e-child\" data-id=\"f0ddd9a\" data-element_type=\"container\" data-e-type=\"container\">\n\t\t\t\t<div class=\"elementor-element elementor-element-d723d4c elementor-widget elementor-widget-text-editor\" data-id=\"d723d4c\" data-element_type=\"widget\" data-e-type=\"widget\" data-widget_type=\"text-editor.default\">\n\t\t\t\t\t\t\t\t\t<p>As encomendas s\u00e3o enviadas atrav\u00e9s da CTT Expresso. Ap\u00f3s a confirma\u00e7\u00e3o do pagamento, a sua encomenda \u00e9 preparada e enviada no prazo de 1 a 2 dias \u00fateis. Os envios para Portugal Continental chegam em 1 a 2 dias \u00fateis, para as Ilhas (A\u00e7ores e Madeira) em 2 a 5 dias \u00fateis e para Espanha em 2 a 4 dias \u00fateis. Receber\u00e1 um email com o n\u00famero de tracking para acompanhar a entrega. Consulte todos os custos na p\u00e1gina\u00a0<a href=\"\/en\/delivery-exchanges-and-returns\/\">Delivery, Exchanges and Returns<\/a>.<\/p>\t\t\t\t\t\t\t\t<\/div>\n\t\t\t\t<\/div>\n\t\t\t\t\t<\/details>\n\t\t\t\t\t\t<details id=\"e-n-accordion-item-6693\" class=\"e-n-accordion-item\" >\n\t\t\t\t<summary class=\"e-n-accordion-item-title\" data-accordion-index=\"4\" tabindex=\"-1\" aria-expanded=\"false\" aria-controls=\"e-n-accordion-item-6693\" >\n\t\t\t\t\t<span class='e-n-accordion-item-title-header'><div class=\"e-n-accordion-item-title-text\"> Can I track my order? <\/div><\/span>\n\t\t\t\t\t\t\t<span class='e-n-accordion-item-title-icon'>\n\t\t\t<span class='e-opened' ><i aria-hidden=\"true\" class=\"fas fa-minus\"><\/i><\/span>\n\t\t\t<span class='e-closed'><svg xmlns=\"http:\/\/www.w3.org\/2000\/svg\" width=\"20.847\" height=\"20.847\" viewbox=\"0 0 20.847 20.847\"><g transform=\"translate(1 1)\"><path d=\"M18.847,1H0A1,1,0,0,1-1,0,1,1,0,0,1,0-1H18.847a1,1,0,0,1,1,1A1,1,0,0,1,18.847,1Z\" transform=\"translate(0 9.423)\"><\/path><path d=\"M18.847,1H0A1,1,0,0,1-1,0,1,1,0,0,1,0-1H18.847a1,1,0,0,1,1,1A1,1,0,0,1,18.847,1Z\" transform=\"translate(9.423) rotate(90)\"><\/path><\/g><\/svg><\/span>\n\t\t<\/span>\n\n\t\t\t\t\t\t<\/summary>\n\t\t\t\t<div role=\"region\" aria-labelledby=\"e-n-accordion-item-6693\" class=\"elementor-element elementor-element-775ebdd e-con-full e-flex e-con e-child\" data-id=\"775ebdd\" data-element_type=\"container\" data-e-type=\"container\">\n\t\t\t\t<div class=\"elementor-element elementor-element-352aa2a elementor-widget elementor-widget-text-editor\" data-id=\"352aa2a\" data-element_type=\"widget\" data-e-type=\"widget\" data-widget_type=\"text-editor.default\">\n\t\t\t\t\t\t\t\t\t<p>Sim! Ap\u00f3s o envio da sua encomenda, receber\u00e1 automaticamente um email com o n\u00famero de tracking da CTT Expresso. Com esse n\u00famero pode acompanhar o estado da entrega em tempo real no site\u00a0<a href=\"https:\/\/www.ctt.pt\/\" target=\"_blank\" rel=\"noopener\">www.ctt.pt<\/a>\u00a0ou na aplica\u00e7\u00e3o CTT.<\/p>\t\t\t\t\t\t\t\t<\/div>\n\t\t\t\t<\/div>\n\t\t\t\t\t<\/details>\n\t\t\t\t\t\t<details id=\"e-n-accordion-item-6694\" class=\"e-n-accordion-item\" >\n\t\t\t\t<summary class=\"e-n-accordion-item-title\" data-accordion-index=\"5\" tabindex=\"-1\" aria-expanded=\"false\" aria-controls=\"e-n-accordion-item-6694\" >\n\t\t\t\t\t<span class='e-n-accordion-item-title-header'><div class=\"e-n-accordion-item-title-text\"> Is it possible to return a product? <\/div><\/span>\n\t\t\t\t\t\t\t<span class='e-n-accordion-item-title-icon'>\n\t\t\t<span class='e-opened' ><i aria-hidden=\"true\" class=\"fas fa-minus\"><\/i><\/span>\n\t\t\t<span class='e-closed'><svg xmlns=\"http:\/\/www.w3.org\/2000\/svg\" width=\"20.847\" height=\"20.847\" viewbox=\"0 0 20.847 20.847\"><g transform=\"translate(1 1)\"><path d=\"M18.847,1H0A1,1,0,0,1-1,0,1,1,0,0,1,0-1H18.847a1,1,0,0,1,1,1A1,1,0,0,1,18.847,1Z\" transform=\"translate(0 9.423)\"><\/path><path d=\"M18.847,1H0A1,1,0,0,1-1,0,1,1,0,0,1,0-1H18.847a1,1,0,0,1,1,1A1,1,0,0,1,18.847,1Z\" transform=\"translate(9.423) rotate(90)\"><\/path><\/g><\/svg><\/span>\n\t\t<\/span>\n\n\t\t\t\t\t\t<\/summary>\n\t\t\t\t<div role=\"region\" aria-labelledby=\"e-n-accordion-item-6694\" class=\"elementor-element elementor-element-243f907 e-con-full e-flex e-con e-child\" data-id=\"243f907\" data-element_type=\"container\" data-e-type=\"container\">\n\t\t\t\t<div class=\"elementor-element elementor-element-5a43490 elementor-widget elementor-widget-text-editor\" data-id=\"5a43490\" data-element_type=\"widget\" data-e-type=\"widget\" data-widget_type=\"text-editor.default\">\n\t\t\t\t\t\t\t\t\t<p>Sim, tem 14 dias corridos ap\u00f3s a recep\u00e7\u00e3o para devolver o produto, sem necessidade de indicar motivo. No entanto, por se tratar de produtos alimentares, a devolu\u00e7\u00e3o n\u00e3o \u00e9 poss\u00edvel quando o produto \u00e9 perec\u00edvel ou quando a embalagem foi aberta por raz\u00f5es de higiene. Para iniciar uma devolu\u00e7\u00e3o, contacte-nos para\u00a0<a href=\"mailto:geral@soresa.pt\">geral@soresa.pt<\/a>\u00a0com o n\u00famero da encomenda. Consulte todos os detalhes na p\u00e1gina\u00a0<a href=\"\/en\/delivery-exchanges-and-returns\/\">Delivery, Exchanges and Returns<\/a>.<\/p>\t\t\t\t\t\t\t\t<\/div>\n\t\t\t\t<\/div>\n\t\t\t\t\t<\/details>\n\t\t\t\t\t<\/div>\n\t\t\t\t\t\t<\/div>\n\t\t\t\t\t<\/div>\n\t\t\t\t<\/div>\n\t\t\t\t<\/div>","protected":false},"excerpt":{"rendered":"<p>FAQs Quais os produtos que posso encontrar na loja? Na nossa loja online encontra uma selec\u00e7\u00e3o de produtos transmontanos produzidos em Valpa\u00e7os, Tr\u00e1s-os-Montes: azeite virgem extra (DOP Tr\u00e1s-os-Montes), am\u00eandoa, castanha, mel, goji e azeitonas biol\u00f3gicas. Disponibilizamos tamb\u00e9m cabazes e packs tem\u00e1ticos, ideais para oferecer. Todos os nossos produtos s\u00e3o certificados em Modo de Produ\u00e7\u00e3o Biol\u00f3gico [&hellip;]<\/p>\n","protected":false},"author":1,"featured_media":0,"parent":0,"menu_order":0,"comment_status":"closed","ping_status":"closed","template":"","meta":{"footnotes":""},"class_list":["post-311","page","type-page","status-publish","hentry"],"_links":{"self":[{"href":"https:\/\/soresa.pt\/en\/wp-json\/wp\/v2\/pages\/311","targetHints":{"allow":["GET"]}}],"collection":[{"href":"https:\/\/soresa.pt\/en\/wp-json\/wp\/v2\/pages"}],"about":[{"href":"https:\/\/soresa.pt\/en\/wp-json\/wp\/v2\/types\/page"}],"author":[{"embeddable":true,"href":"https:\/\/soresa.pt\/en\/wp-json\/wp\/v2\/users\/1"}],"replies":[{"embeddable":true,"href":"https:\/\/soresa.pt\/en\/wp-json\/wp\/v2\/comments?post=311"}],"version-history":[{"count":9,"href":"https:\/\/soresa.pt\/en\/wp-json\/wp\/v2\/pages\/311\/revisions"}],"predecessor-version":[{"id":1319,"href":"https:\/\/soresa.pt\/en\/wp-json\/wp\/v2\/pages\/311\/revisions\/1319"}],"wp:attachment":[{"href":"https:\/\/soresa.pt\/en\/wp-json\/wp\/v2\/media?parent=311"}],"curies":[{"name":"wp","href":"https:\/\/api.w.org\/{rel}","templated":true}]}}