{"id":292,"date":"2025-10-23T14:13:30","date_gmt":"2025-10-23T14:13:30","guid":{"rendered":"https:\/\/soresa.pt\/?page_id=292"},"modified":"2026-04-08T10:17:49","modified_gmt":"2026-04-08T10:17:49","slug":"payment-methods","status":"publish","type":"page","link":"https:\/\/soresa.pt\/en\/payment-methods\/","title":{"rendered":"Payment methods"},"content":{"rendered":"<div data-elementor-type=\"wp-page\" data-elementor-id=\"292\" class=\"elementor elementor-292\" data-elementor-post-type=\"page\">\n\t\t\t\t<div class=\"elementor-element elementor-element-ebe9d4d e-flex e-con-boxed e-con e-parent\" data-id=\"ebe9d4d\" data-element_type=\"container\" data-e-type=\"container\">\n\t\t\t\t\t<div class=\"e-con-inner\">\n\t\t\t\t<div class=\"elementor-element elementor-element-d90f8bf elementor-widget elementor-widget-heading\" data-id=\"d90f8bf\" data-element_type=\"widget\" data-e-type=\"widget\" data-widget_type=\"heading.default\">\n\t\t\t\t\t<h1 class=\"elementor-heading-title elementor-size-default\">Payment methods<\/h1>\t\t\t\t<\/div>\n\t\t\t\t<div class=\"elementor-element elementor-element-d381abc elementor-widget elementor-widget-text-editor\" data-id=\"d381abc\" data-element_type=\"widget\" data-e-type=\"widget\" data-widget_type=\"text-editor.default\">\n\t\t\t\t\t\t\t\t\t<p>Na loja online Soresa, disponibilizamos os seguintes meios de pagamento para que possa concluir a sua compra de forma simples e segura:<\/p><h2>MB WAY<\/h2><p>Pague directamente atrav\u00e9s da aplica\u00e7\u00e3o MB WAY no seu telem\u00f3vel. Durante o checkout, introduza o n\u00famero de telem\u00f3vel associado ao servi\u00e7o e confirme o pagamento na aplica\u00e7\u00e3o. A confirma\u00e7\u00e3o \u00e9 imediata.<\/p><h2>Refer\u00eancia Multibanco<\/h2><p>Ap\u00f3s finalizar a encomenda, receber\u00e1 uma entidade, refer\u00eancia e montante para pagamento. Pode efectuar o pagamento em qualquer caixa Multibanco ou atrav\u00e9s do homebanking. A encomenda ser\u00e1 processada ap\u00f3s a confirma\u00e7\u00e3o do pagamento, que pode demorar at\u00e9 24 horas \u00fateis.<\/p><h2>Cart\u00e3o de Cr\u00e9dito \/ D\u00e9bito<\/h2><p>Aceitamos pagamentos com cart\u00f5es Visa e Mastercard. O pagamento \u00e9 processado de forma segura e os dados do seu cart\u00e3o nunca s\u00e3o armazenados nos nossos sistemas.<\/p><h2>Seguran\u00e7a<\/h2><p>Todos os pagamentos s\u00e3o processados atrav\u00e9s de plataformas certificadas com encripta\u00e7\u00e3o SSL, garantindo a total seguran\u00e7a dos seus dados financeiros. A Soresa nunca solicita dados de pagamento por email ou telefone.<\/p><p>Em caso de d\u00favida sobre os meios de pagamento, contacte-nos atrav\u00e9s de\u00a0<a href=\"mailto:geral@soresa.pt\">geral@soresa.pt<\/a>.<\/p>\t\t\t\t\t\t\t\t<\/div>\n\t\t\t\t\t<\/div>\n\t\t\t\t<\/div>\n\t\t\t\t<\/div>","protected":false},"excerpt":{"rendered":"<p>Na loja online Soresa, disponibilizamos os seguintes meios de pagamento para que possa concluir a sua compra de forma simples e segura: MB WAY Pague directamente atrav\u00e9s da aplica\u00e7\u00e3o MB WAY no seu telem\u00f3vel. Durante o checkout, introduza o n\u00famero de telem\u00f3vel associado ao servi\u00e7o e confirme o pagamento na aplica\u00e7\u00e3o. A confirma\u00e7\u00e3o \u00e9 imediata. [&hellip;]<\/p>\n","protected":false},"author":1,"featured_media":0,"parent":0,"menu_order":0,"comment_status":"closed","ping_status":"closed","template":"","meta":{"footnotes":""},"class_list":["post-292","page","type-page","status-publish","hentry"],"_links":{"self":[{"href":"https:\/\/soresa.pt\/en\/wp-json\/wp\/v2\/pages\/292","targetHints":{"allow":["GET"]}}],"collection":[{"href":"https:\/\/soresa.pt\/en\/wp-json\/wp\/v2\/pages"}],"about":[{"href":"https:\/\/soresa.pt\/en\/wp-json\/wp\/v2\/types\/page"}],"author":[{"embeddable":true,"href":"https:\/\/soresa.pt\/en\/wp-json\/wp\/v2\/users\/1"}],"replies":[{"embeddable":true,"href":"https:\/\/soresa.pt\/en\/wp-json\/wp\/v2\/comments?post=292"}],"version-history":[{"count":3,"href":"https:\/\/soresa.pt\/en\/wp-json\/wp\/v2\/pages\/292\/revisions"}],"predecessor-version":[{"id":1267,"href":"https:\/\/soresa.pt\/en\/wp-json\/wp\/v2\/pages\/292\/revisions\/1267"}],"wp:attachment":[{"href":"https:\/\/soresa.pt\/en\/wp-json\/wp\/v2\/media?parent=292"}],"curies":[{"name":"wp","href":"https:\/\/api.w.org\/{rel}","templated":true}]}}