{"id":155,"date":"2025-10-23T10:47:20","date_gmt":"2025-10-23T10:47:20","guid":{"rendered":"https:\/\/soresa.pt\/?page_id=155"},"modified":"2025-11-06T12:25:00","modified_gmt":"2025-11-06T12:25:00","slug":"wishlist","status":"publish","type":"page","link":"https:\/\/soresa.pt\/en\/wishlist\/","title":{"rendered":"Wishlist"},"content":{"rendered":"<div data-elementor-type=\"wp-page\" data-elementor-id=\"155\" class=\"elementor elementor-155\" data-elementor-post-type=\"page\">\n\t\t\t\t<div class=\"elementor-element elementor-element-a4076a6 e-flex e-con-boxed e-con e-parent\" data-id=\"a4076a6\" data-element_type=\"container\" data-e-type=\"container\">\n\t\t\t\t\t<div class=\"e-con-inner\">\n\t\t\t\t<div class=\"elementor-element elementor-element-b14d098 elementor-widget elementor-widget-heading\" data-id=\"b14d098\" data-element_type=\"widget\" data-e-type=\"widget\" data-widget_type=\"heading.default\">\n\t\t\t\t\t<h1 class=\"elementor-heading-title elementor-size-default\">Favorites<\/h1>\t\t\t\t<\/div>\n\t\t\t\t<div class=\"elementor-element elementor-element-e06ff3a elementor-widget elementor-widget-jet-wishlist\" data-id=\"e06ff3a\" data-element_type=\"widget\" data-e-type=\"widget\" data-widget_type=\"jet-wishlist.default\">\n\t\t\t\t<div class=\"elementor-widget-container\">\n\t\t\t\t\t<div class=\"jet-cw jet-wishlist\">\t\t\t<div class=\"jet-wishlist__content woocommerce jet-wishlist-products--preset-4\" data-widget-type=\"jet-wishlist\" data-widget-id=\"e06ff3a\">\n\t\t\t\t<h5 class=\"jet-wishlist-empty\">Sem produtos adicionados aos favoritos<\/h5>\n\t\t\t<\/div>\n\t\t\t<\/div>\t\t\t\t<\/div>\n\t\t\t\t<\/div>\n\t\t\t\t\t<\/div>\n\t\t\t\t<\/div>\n\t\t\t\t<\/div>","protected":false},"excerpt":{"rendered":"<p>Favoritos Remover Azeite Virgem Extra &#8211; 1500ml 29,90&nbsp;&euro; (c\/iva) Adicionar Remover Bolachas de Castanha 6,90&nbsp;&euro; (c\/iva) Adicionar Remover Azeite Virgem Extra &#8211; 500ml 19,90&nbsp;&euro; O pre\u00e7o original era: 19,90&nbsp;&euro;.15,90&nbsp;&euro;O pre\u00e7o atual \u00e9: 15,90&nbsp;&euro;. (c\/iva) Adicionar Remover Azeite Virgem Extra &#8211; 75ml 12,90&nbsp;&euro; (c\/iva) Adicionar<\/p>","protected":false},"author":1,"featured_media":0,"parent":0,"menu_order":0,"comment_status":"closed","ping_status":"closed","template":"","meta":{"footnotes":""},"class_list":["post-155","page","type-page","status-publish","hentry"],"_links":{"self":[{"href":"https:\/\/soresa.pt\/en\/wp-json\/wp\/v2\/pages\/155","targetHints":{"allow":["GET"]}}],"collection":[{"href":"https:\/\/soresa.pt\/en\/wp-json\/wp\/v2\/pages"}],"about":[{"href":"https:\/\/soresa.pt\/en\/wp-json\/wp\/v2\/types\/page"}],"author":[{"embeddable":true,"href":"https:\/\/soresa.pt\/en\/wp-json\/wp\/v2\/users\/1"}],"replies":[{"embeddable":true,"href":"https:\/\/soresa.pt\/en\/wp-json\/wp\/v2\/comments?post=155"}],"version-history":[{"count":0,"href":"https:\/\/soresa.pt\/en\/wp-json\/wp\/v2\/pages\/155\/revisions"}],"wp:attachment":[{"href":"https:\/\/soresa.pt\/en\/wp-json\/wp\/v2\/media?parent=155"}],"curies":[{"name":"wp","href":"https:\/\/api.w.org\/{rel}","templated":true}]}}